

 {"id":233,"date":"2013-04-15T11:42:48","date_gmt":"2013-04-15T09:42:48","guid":{"rendered":"http:\/\/iscbramantefermignano.edu.it\/?page_id=233"},"modified":"2016-11-11T11:15:17","modified_gmt":"2016-11-11T10:15:17","slug":"premialita","status":"publish","type":"page","link":"http:\/\/iscbramantefermignano.edu.it\/trasparenza-valutazione-e-merito\/dati-relativi-al-personale\/premialita\/","title":{"rendered":"Premialit\u00e0"},"content":{"rendered":"<p>L\u2019articolo 11, comma 8, lettera d, del decreto legislativo 150 del 2009 prevede qui l\u2019analisi dei dati relativi al grado di differenziazione nell\u2019utilizzo della premialit\u00e0 sia per i dirigenti sia per i dipendenti.<br \/> Non \u00e8 possibile fornire queste informazioni perch\u00e9 al momento nella scuola non esiste un sistema di premialit\u00e0.<\/p>\n<p>Per quanto riguarda il Dirigente, le informazioni disponibili si possono desumere dal suo curriculum alla pagina: <a title=\"link al sito del MIUR\" href=\"https:\/\/oc4jese1ssl.pubblica.istruzione.it\/trasparenzaPubb\/ricercacv.do\" target=\"_blank\">https:\/\/oc4jese1ssl.pubblica.istruzione.it\/trasparenzaPubb\/ricercacv.do<\/a><\/p>\n","protected":false},"excerpt":{"rendered":"<p>L\u2019articolo 11, comma 8, lettera d, del decreto legislativo 150 del 2009 prevede qui l\u2019analisi dei dati relativi al grado di differenziazione nell\u2019utilizzo della premialit\u00e0 sia per i dirigenti sia per i dipendenti. Non \u00e8 possibile fornire queste informazioni perch\u00e9 al momento nella scuola non esiste un sistema di premialit\u00e0. Per quanto riguarda il Dirigente,&nbsp; &nbsp; <a class=\"moretag\" href=\"http:\/\/iscbramantefermignano.edu.it\/trasparenza-valutazione-e-merito\/dati-relativi-al-personale\/premialita\/\" title=\"Leggi l&#180;intero articolo\">&raquo;<\/a><\/p>\n","protected":false},"author":1,"featured_media":0,"parent":214,"menu_order":0,"comment_status":"closed","ping_status":"closed","template":"","meta":{"ngg_post_thumbnail":0},"_links":{"self":[{"href":"http:\/\/iscbramantefermignano.edu.it\/wp-json\/wp\/v2\/pages\/233"}],"collection":[{"href":"http:\/\/iscbramantefermignano.edu.it\/wp-json\/wp\/v2\/pages"}],"about":[{"href":"http:\/\/iscbramantefermignano.edu.it\/wp-json\/wp\/v2\/types\/page"}],"author":[{"embeddable":true,"href":"http:\/\/iscbramantefermignano.edu.it\/wp-json\/wp\/v2\/users\/1"}],"replies":[{"embeddable":true,"href":"http:\/\/iscbramantefermignano.edu.it\/wp-json\/wp\/v2\/comments?post=233"}],"version-history":[{"count":4,"href":"http:\/\/iscbramantefermignano.edu.it\/wp-json\/wp\/v2\/pages\/233\/revisions"}],"predecessor-version":[{"id":5622,"href":"http:\/\/iscbramantefermignano.edu.it\/wp-json\/wp\/v2\/pages\/233\/revisions\/5622"}],"up":[{"embeddable":true,"href":"http:\/\/iscbramantefermignano.edu.it\/wp-json\/wp\/v2\/pages\/214"}],"wp:attachment":[{"href":"http:\/\/iscbramantefermignano.edu.it\/wp-json\/wp\/v2\/media?parent=233"}],"curies":[{"name":"wp","href":"https:\/\/api.w.org\/{rel}","templated":true}]}}