

 {"id":49,"date":"2013-04-09T10:54:48","date_gmt":"2013-04-09T08:54:48","guid":{"rendered":"http:\/\/iscbramantefermignano.edu.it\/?page_id=49"},"modified":"2019-12-30T11:18:02","modified_gmt":"2019-12-30T10:18:02","slug":"organigramma","status":"publish","type":"page","link":"http:\/\/iscbramantefermignano.edu.it\/la-scuola\/organigramma\/","title":{"rendered":"Organigramma"},"content":{"rendered":"<p style=\"text-align: justify;\">L\u2019Istituto Comprensivo, in quanto luogo in cui molti soggetti interagiscono per realizzare un progetto formativo, rappresenta un sistema organizzativo complesso. Per questo \u00e8 necessario che il modello organizzativo scolastico sia coerente con la specificit\u00e0 del servizio: da un lato si caratterizzi come aperto, flessibile, e adattabile a situazioni differenziate, dall\u2019altro sia regolato da principi e modalit\u00e0 operative (quali il coordinamento delle risorse umane &nbsp;e l\u2019interazione) che consentano &nbsp;di assicurare il perseguimento dell\u2019efficacia, in tutto l\u2019Istituto delle attivit\u00e0 effettuate e dei servizi erogati.<\/p>\n<p>&nbsp;<\/p>\n<p style=\"text-align: justify;\">&nbsp;<strong>L\u2019ORGANIGRAMMA d\u2019istituto<\/strong> consente di descrivere l\u2019organizzazione complessa del nostro Istituto e di rappresentare una mappa delle competenze e responsabilit\u00e0 dei soggetti e delle loro funzioni. Il Dirigente Scolastico, gli organismi gestionali (Consiglio d\u2019Istituto, Collegio docenti, Consigli di Intersezione, Interclasse, Consigli di Classe), le figure gestionali intermedie (vicario, funzioni\u2013strumentali, fiduciari e DSGA), i singoli docenti, operano in modo collaborativo e si impegnano nell\u2019obiettivo di offrire all\u2019alunno un servizio scolastico di qualit\u00e0; questo richiede modalit\u00e0 di collegamento atte a favorire uno stile di lavoro fondato sulla collegialit\u00e0 e sulla condivisione, sull\u2019impegno al rispetto delle intese raggiunte, pur nel riconoscimento dei differenti ruoli e livelli di responsabilit\u00e0 gestionale, nonch\u00e9 della diversit\u00e0 di opinioni e valori mirata ad individuare un terreno e scopi comuni di lavoro.<\/p>\n<p>&nbsp;<\/p>\n<p><strong>Allegati:<\/strong><\/p>\n<ul>\n<li><a href=\"http:\/\/iscbramantefermignano.edu.it\/wp-content\/uploads\/2019\/12\/ORGANIGRAMMA-ISTITUTO-COMPRENSIVO.pdf\">ORGANIGRAMMA ISTITUTO COMPRENSIVO<\/a><\/li>\n<li><a href=\"http:\/\/iscbramantefermignano.edu.it\/wp-content\/uploads\/2019\/12\/organigramma-uffici.pdf\">organigramma uffici<\/a><\/li>\n<\/ul>\n","protected":false},"excerpt":{"rendered":"<p>L\u2019Istituto Comprensivo, in quanto luogo in cui molti soggetti interagiscono per realizzare un progetto formativo, rappresenta un sistema organizzativo complesso. Per questo \u00e8 necessario che il modello organizzativo scolastico sia coerente con la specificit\u00e0 del servizio: da un lato si caratterizzi come aperto, flessibile, e adattabile a situazioni differenziate, dall\u2019altro sia regolato da principi e&nbsp; &nbsp; <a class=\"moretag\" href=\"http:\/\/iscbramantefermignano.edu.it\/la-scuola\/organigramma\/\" title=\"Leggi l&#180;intero articolo\">&raquo;<\/a><\/p>\n","protected":false},"author":1,"featured_media":0,"parent":40,"menu_order":2,"comment_status":"closed","ping_status":"closed","template":"","meta":{"ngg_post_thumbnail":0},"_links":{"self":[{"href":"http:\/\/iscbramantefermignano.edu.it\/wp-json\/wp\/v2\/pages\/49"}],"collection":[{"href":"http:\/\/iscbramantefermignano.edu.it\/wp-json\/wp\/v2\/pages"}],"about":[{"href":"http:\/\/iscbramantefermignano.edu.it\/wp-json\/wp\/v2\/types\/page"}],"author":[{"embeddable":true,"href":"http:\/\/iscbramantefermignano.edu.it\/wp-json\/wp\/v2\/users\/1"}],"replies":[{"embeddable":true,"href":"http:\/\/iscbramantefermignano.edu.it\/wp-json\/wp\/v2\/comments?post=49"}],"version-history":[{"count":14,"href":"http:\/\/iscbramantefermignano.edu.it\/wp-json\/wp\/v2\/pages\/49\/revisions"}],"predecessor-version":[{"id":8754,"href":"http:\/\/iscbramantefermignano.edu.it\/wp-json\/wp\/v2\/pages\/49\/revisions\/8754"}],"up":[{"embeddable":true,"href":"http:\/\/iscbramantefermignano.edu.it\/wp-json\/wp\/v2\/pages\/40"}],"wp:attachment":[{"href":"http:\/\/iscbramantefermignano.edu.it\/wp-json\/wp\/v2\/media?parent=49"}],"curies":[{"name":"wp","href":"https:\/\/api.w.org\/{rel}","templated":true}]}}