

 {"id":925,"date":"2013-07-31T11:44:55","date_gmt":"2013-07-31T09:44:55","guid":{"rendered":"http:\/\/iscbramantefermignano.edu.it\/?page_id=925"},"modified":"2016-11-11T11:11:55","modified_gmt":"2016-11-11T10:11:55","slug":"925-2","status":"publish","type":"page","link":"http:\/\/iscbramantefermignano.edu.it\/la-scuola-in-chiaro\/925-2\/","title":{"rendered":"Politica della Qualit\u00e0"},"content":{"rendered":"<p style=\"text-align: center;\" align=\"center\"><strong><a href=\"http:\/\/iscbramantefermignano.edu.it\/wp-content\/uploads\/2013\/07\/icb-quality.png\"><img decoding=\"async\" loading=\"lazy\" class=\"aligncenter size-full wp-image-856\" style=\"border: 0px none;\" alt=\"icb-quality\" src=\"http:\/\/iscbramantefermignano.edu.it\/wp-content\/uploads\/2013\/07\/icb-quality.png\" width=\"150\" height=\"119\" \/><\/a>Il sistema della Qualit\u00e0 (SGQ) dell\u2019 ICS \u201cD. Bramante<br \/><\/strong>\u00a0<\/p>\n<p style=\"text-align: justify;\">\u00c8 il sistema di gestione per guidare e tenere sotto controllo l\u2019organizzazione dei servizi didattici ed amministrativi della scuola, in maniera sistematica e trasparente. Il sistema definisce l\u2019organizzazione e i ruoli dei responsabili, la documentazione (manuale, processi, procedure, moduli) necessaria per attuare ed aggiornare il SGQ, i requisiti che devono avere i servizi per soddisfare i clienti e le procedure per la tenuta sotto controllo del sistema. <b><i><\/i><\/b><\/p>\n<p style=\"text-align: justify;\"><b><i>A giugno 2012 l\u2019ICS \u201cD. Bramante\u201d ha ottenuto la certificazione di Qualit\u00e0 sottoponendosi a Visita Ispettiva Esterna\u00a0 da parte dell\u2019Ente Certificatore ICB Qualit\u00e0, dimostrando che i servizi erogati sono confermi alla norma UNI EN ISO 9001:2008.<\/i><\/b><b><i><\/i><\/b><\/p>\n<p><b><i>Politica della Qualit\u00e0<\/i><\/b><i><\/i><\/p>\n<p><i>\u00a0<\/i><\/p>\n<p style=\"text-align: justify;\">La Politica della Qualit\u00e0 dell\u2019Istituto si fonda sul concetto che la scuola \u00e8 un efficace centro di formazione e di cultura quando opera in un clima di consenso sociale condiviso da studenti e famiglie.<\/p>\n<p style=\"text-align: justify;\">La Politica della Qualit\u00e0 dell\u2019ICS \u201cD. Bramante\u201d \u00e8 attenta alle esigenze ed alle necessit\u00e0 reali dell\u2019utente scuola, viene elaborata dal Dirigente Scolastico in base ai bisogni dei seguenti soggetti interessati all\u2019istruzione-formazione:<\/p>\n<ul>\n<li>Utente scuola e famiglia<\/li>\n<li>Territorio<\/li>\n<li>Societ\u00e0<\/li>\n<li>Personale docente e non docente.<\/li>\n<\/ul>\n<p>&nbsp;<\/p>\n<p><b>Vision dell\u2019ICS \u201cD. Bramante\u201d<\/b><\/p>\n<p style=\"text-align: justify;\">La meta verso cui si desidera che la scuola evolva nel futuro e che ci si impegna a perseguire \u00e8 quella di:\u00a0<\/p>\n<ul>\n<li>Una scuola altamente formativa in grado di promuovere, attraverso una pluralit\u00e0 di saperi, di progetti, di integrazioni curricolari e di esperienze significative, la maturazione di tutte le dimensioni della personalit\u00e0 dei propri alunni.<\/li>\n<li>Una scuola costruttivista dove gli studenti apprendono attraverso un processo di costruzione attiva e non per ricezione passiva di informazioni.<\/li>\n<li>Una scuola della interazione dove vengono favoriti i rapporti socio-affettivi tra gli alunni della stessa classe e della stessa scuola, tra gli alunni e gli operatori scolastici.<\/li>\n<li>Una scuola partecipata che sa instaurare rapporti costruttivi di collaborazione con le famiglie, con enti e associazioni operanti sul territorio, per migliorare la vita scolastica ed innescare processi innovativi.<\/li>\n<li>Una scuola dell\u2019integrazione che valorizza le differenze, crea legami autentici tra le persone, favorisce l\u2019incontro tra culture diverse e le differenti realt\u00e0 sociali del territorio.<\/li>\n<li>Una scuola come servizio alle persone che attiva percorsi intenzionali in grado di recepire e di interpretare (anche di modificare) i bisogni sociali emergenti (degli alunni, dei genitori e della committenza sociale) in modo da coniugarli con le proprie finalit\u00e0.<\/li>\n<li>Una scuola che elabora iniziative a favore degli alunni in situazione di disagio personale e sociale, in particolare, per realizzare relazioni di aiuto in termini di accoglienza e\/o di sostegno ai loro \u201cprogetti di vita\u201d.<\/li>\n<li>Una scuola che realizza moduli didattici finalizzati all\u2019integrazione tra linguaggi diversi, per ricondurre ad unitariet\u00e0 il sapere.<\/li>\n<li>Una scuola accogliente, allegra, colorata, luminosa, spaziosa in grado di rendere piacevole e gratificante l\u2019acquisizione dei saperi, di favorire ricche relazioni sociali; una scuola, quindi, come luogo di vita per docenti e studenti.<\/li>\n<li>Una scuola organizzata dotata di ambienti diversificati (laboratori), per svolgere attivit\u00e0 con attrezzature funzionali e flessibile negli orari e nelle tipologie organizzative, per rispondere alle molteplici esigenze degli alunni e delle famiglie.<\/li>\n<li>Una scuola attuale, dinamica, in continua evoluzione capace di leggere i cambiamenti della societ\u00e0 in cui \u00e8 inserita, di progettare il miglioramento della qualit\u00e0 dell\u2019offerta formativa e di servizio, nella piena valorizzazione dei contributi specifici che i diversi attori sociali interni ed esterni alla scuola sapranno offrire.<\/li>\n<li>Una scuola responsabilizzante, dove si potenzia la capacit\u00e0 di operare delle scelte, di progettare, di assumere responsabilit\u00e0 e impegno, di realizzare e di rendicontare rispetto a ci\u00f2 che offre, accogliendo serenamente ogni critica costruttiva.<\/li>\n<li>Una scuola dialogante e cooperante con altre agenzie educative per costruire un sistema formativo allargato.\u00a0<\/li>\n<\/ul>\n<p>&nbsp;<\/p>\n<p><b>Mission<\/b> <b>dell\u2019ICS \u201cD. Bramante<\/b>\u201d<\/p>\n<ul>\n<li>Rendere il percorso formativo personalizzato e commisurato alle singole esigenze, nel rispetto delle fasi di crescita degli alunni.<\/li>\n<li>Rendere gli alunni sempre pi\u00f9 pronti a collaborare e interagire con gli altri in maniera costruttiva.<\/li>\n<li>Sviluppare le capacit\u00e0 di ognuno per acquisire una positiva immagine di s\u00e9, al fine di operare in maniera critica sulla realt\u00e0.<\/li>\n<li>Mirare al superamento di ogni forma di disagio per raggiungere un benessere psico-fisico attraverso la prevenzione e il controllo di situazioni a rischio.<\/li>\n<li>Favorire la cittadinanza europea sensibilizzando alla comprensione delle diversit\u00e0 culturali e linguistiche.<\/li>\n<li>Promuovere un miglioramento quantitativo e qualitativo della conoscenza delle lingue.<\/li>\n<li>Adeguare le competenze raggiunte in lingua inglese agli standard europei.<\/li>\n<li>Accogliere gli alunni provenienti da paesi e culture diversi e creare un clima relazionale nella classe e nella scuola favorevole al dialogo, alla comprensione e alla collaborazione, intesi non solo come accettazione e rispetto delle idee, dei valori e delle culture altre, ma come rafforzamento della propria identit\u00e0 culturale, nella prospettiva di un reciproco cambiamento ed arricchimento.<\/li>\n<li>Promuovere all\u2019interno delle classi la formazione di conoscenze e atteggiamenti che inducono a stabilire rapporti dinamici tra le culture.<\/li>\n<li>Promuovere competenze professionali che sono requisiti fondamentali per affrontare i cambiamenti della societ\u00e0 di oggi.<\/li>\n<\/ul>\n<p style=\"text-align: justify;\">\u00a0<\/p>\n<p style=\"text-align: justify;\">\u00a0<\/p>\n<p style=\"text-align: justify;\">Affinch\u00e8 la Politica della Qualit\u00e0 sia compresa, attuata e sostenuta a tutti i livelli dell\u2019organizzazione, l\u2019Istituto Comprensivo Statale \u201cD. Bramante\u201d si impegna inoltre a:<\/p>\n<ul>\n<li>diffondere la Politica per la Qualit\u00e0 adottata a tutti i livelli dell\u2019organizzazione, affinch\u00e9 tutto il personale ne comprenda le finalit\u00e0 e sia a conoscenza degli impegni assunti per garantire servizi di qualit\u00e0 costante;<\/li>\n<li>diffondere la Politica della qualit\u00e0 all\u2019esterno dell\u2019Istituto (famiglie, Ente Locale, adulti in formazione, Associazioni\u2026) attraverso informazioni nelle Assemblee genitori, il Sito, il Punto Qualit\u00e0, allo scopo di far conoscere la Mission dell\u2019Istituto, le sue scelte formative e interagire con tutto il territorio.<\/li>\n<\/ul>\n<p>&nbsp;<\/p>\n","protected":false},"excerpt":{"rendered":"<p>Il sistema della Qualit\u00e0 (SGQ) dell\u2019 ICS \u201cD. Bramante\u00a0 \u00c8 il sistema di gestione per guidare e tenere sotto controllo l\u2019organizzazione dei servizi didattici ed amministrativi della scuola, in maniera sistematica e trasparente. Il sistema definisce l\u2019organizzazione e i ruoli dei responsabili, la documentazione (manuale, processi, procedure, moduli) necessaria per attuare ed aggiornare il SGQ,&nbsp; &nbsp; <a class=\"moretag\" href=\"http:\/\/iscbramantefermignano.edu.it\/la-scuola-in-chiaro\/925-2\/\" title=\"Leggi l&#180;intero articolo\">&raquo;<\/a><\/p>\n","protected":false},"author":1,"featured_media":0,"parent":102,"menu_order":0,"comment_status":"closed","ping_status":"closed","template":"","meta":{"ngg_post_thumbnail":0},"_links":{"self":[{"href":"http:\/\/iscbramantefermignano.edu.it\/wp-json\/wp\/v2\/pages\/925"}],"collection":[{"href":"http:\/\/iscbramantefermignano.edu.it\/wp-json\/wp\/v2\/pages"}],"about":[{"href":"http:\/\/iscbramantefermignano.edu.it\/wp-json\/wp\/v2\/types\/page"}],"author":[{"embeddable":true,"href":"http:\/\/iscbramantefermignano.edu.it\/wp-json\/wp\/v2\/users\/1"}],"replies":[{"embeddable":true,"href":"http:\/\/iscbramantefermignano.edu.it\/wp-json\/wp\/v2\/comments?post=925"}],"version-history":[{"count":6,"href":"http:\/\/iscbramantefermignano.edu.it\/wp-json\/wp\/v2\/pages\/925\/revisions"}],"predecessor-version":[{"id":927,"href":"http:\/\/iscbramantefermignano.edu.it\/wp-json\/wp\/v2\/pages\/925\/revisions\/927"}],"up":[{"embeddable":true,"href":"http:\/\/iscbramantefermignano.edu.it\/wp-json\/wp\/v2\/pages\/102"}],"wp:attachment":[{"href":"http:\/\/iscbramantefermignano.edu.it\/wp-json\/wp\/v2\/media?parent=925"}],"curies":[{"name":"wp","href":"https:\/\/api.w.org\/{rel}","templated":true}]}}